{"id":11785,"date":"2020-10-12T21:54:22","date_gmt":"2020-10-12T20:54:22","guid":{"rendered":"https:\/\/verloskundigenpraktijkdehof.nl\/site21\/?page_id=11785"},"modified":"2020-10-14T19:36:28","modified_gmt":"2020-10-14T18:36:28","slug":"kinderziektes","status":"publish","type":"page","link":"https:\/\/verloskundigenpraktijkdehof.nl\/site21\/kinderziektes\/","title":{"rendered":"Kinderziektes"},"content":{"rendered":"\t\t<div data-elementor-type=\"wp-page\" data-elementor-id=\"11785\" class=\"elementor elementor-11785\">\n\t\t\t\t\t\t<section class=\"elementor-section elementor-top-section elementor-element elementor-element-1c5e3670 elementor-section-stretched elementor-section-boxed elementor-section-height-default elementor-section-height-default\" data-id=\"1c5e3670\" data-element_type=\"section\" data-e-type=\"section\" data-settings=\"{&quot;stretch_section&quot;:&quot;section-stretched&quot;,&quot;background_background&quot;:&quot;classic&quot;,&quot;shape_divider_bottom&quot;:&quot;opacity-tilt&quot;}\">\n\t\t\t\t\t\t\t<div class=\"elementor-background-overlay\"><\/div>\n\t\t\t\t\t\t<div class=\"elementor-shape elementor-shape-bottom\" aria-hidden=\"true\" data-negative=\"false\">\n\t\t\t<svg xmlns=\"http:\/\/www.w3.org\/2000\/svg\" viewBox=\"0 0 2600 131.1\" preserveAspectRatio=\"none\">\n\t<path class=\"elementor-shape-fill\" d=\"M0 0L2600 0 2600 69.1 0 0z\"\/>\n\t<path class=\"elementor-shape-fill\" style=\"opacity:0.5\" d=\"M0 0L2600 0 2600 69.1 0 69.1z\"\/>\n\t<path class=\"elementor-shape-fill\" style=\"opacity:0.25\" d=\"M2600 0L0 0 0 130.1 2600 69.1z\"\/>\n<\/svg>\t\t<\/div>\n\t\t\t\t\t<div class=\"elementor-container elementor-column-gap-default\">\n\t\t\t\t\t<div class=\"elementor-column elementor-col-100 elementor-top-column elementor-element elementor-element-3a35cbff\" data-id=\"3a35cbff\" data-element_type=\"column\" data-e-type=\"column\">\n\t\t\t<div class=\"elementor-widget-wrap elementor-element-populated\">\n\t\t\t\t\t\t<div class=\"elementor-element elementor-element-4068c909 elementor-widget elementor-widget-heading\" data-id=\"4068c909\" data-element_type=\"widget\" data-e-type=\"widget\" data-widget_type=\"heading.default\">\n\t\t\t\t<div class=\"elementor-widget-container\">\n\t\t\t\t\t<h2 class=\"elementor-heading-title elementor-size-default\">Kinderziektes<\/h2>\t\t\t\t<\/div>\n\t\t\t\t<\/div>\n\t\t\t\t<div class=\"elementor-element elementor-element-7a6461c9 elementor-widget elementor-widget-spacer\" data-id=\"7a6461c9\" data-element_type=\"widget\" data-e-type=\"widget\" data-widget_type=\"spacer.default\">\n\t\t\t\t<div class=\"elementor-widget-container\">\n\t\t\t\t\t\t\t<div class=\"elementor-spacer\">\n\t\t\t<div class=\"elementor-spacer-inner\"><\/div>\n\t\t<\/div>\n\t\t\t\t\t\t<\/div>\n\t\t\t\t<\/div>\n\t\t\t\t<div class=\"elementor-element elementor-element-e636865 elementor-widget elementor-widget-heading\" data-id=\"e636865\" data-element_type=\"widget\" data-e-type=\"widget\" data-widget_type=\"heading.default\">\n\t\t\t\t<div class=\"elementor-widget-container\">\n\t\t\t\t\t<h2 class=\"elementor-heading-title elementor-size-default\">infectieziektes kunnen ook je ongeboren kind besmetten<\/h2>\t\t\t\t<\/div>\n\t\t\t\t<\/div>\n\t\t\t\t<div class=\"elementor-element elementor-element-2a8dc7ae elementor-widget elementor-widget-spacer\" data-id=\"2a8dc7ae\" data-element_type=\"widget\" data-e-type=\"widget\" data-widget_type=\"spacer.default\">\n\t\t\t\t<div class=\"elementor-widget-container\">\n\t\t\t\t\t\t\t<div class=\"elementor-spacer\">\n\t\t\t<div class=\"elementor-spacer-inner\"><\/div>\n\t\t<\/div>\n\t\t\t\t\t\t<\/div>\n\t\t\t\t<\/div>\n\t\t\t\t<section class=\"elementor-section elementor-inner-section elementor-element elementor-element-61fd212f elementor-section-boxed elementor-section-height-default elementor-section-height-default\" data-id=\"61fd212f\" data-element_type=\"section\" data-e-type=\"section\">\n\t\t\t\t\t\t<div class=\"elementor-container elementor-column-gap-default\">\n\t\t\t\t\t<div class=\"elementor-column elementor-col-100 elementor-inner-column elementor-element elementor-element-199aaa23\" data-id=\"199aaa23\" data-element_type=\"column\" data-e-type=\"column\">\n\t\t\t<div class=\"elementor-widget-wrap elementor-element-populated\">\n\t\t\t\t\t\t<div class=\"elementor-element elementor-element-473c48c5 elementor-widget elementor-widget-heading\" data-id=\"473c48c5\" data-element_type=\"widget\" data-e-type=\"widget\" data-widget_type=\"heading.default\">\n\t\t\t\t<div class=\"elementor-widget-container\">\n\t\t\t\t\t<span class=\"elementor-heading-title elementor-size-default\">De meeste kinderziekten worden veroorzaakt door een virus. Tegen virussen bestaan geen speciale geneesmiddelen. Door inenting of door het krijgen van de ziekte kan afweer tegen virale infecties worden opgebouwd. Tegen sommige virussen bouw je een levenslange afweer op, dus daar kun je maar \u00e9\u00e9n keer ziek van worden. \n<\/span>\t\t\t\t<\/div>\n\t\t\t\t<\/div>\n\t\t\t\t\t<\/div>\n\t\t<\/div>\n\t\t\t\t\t<\/div>\n\t\t<\/section>\n\t\t\t\t\t<\/div>\n\t\t<\/div>\n\t\t\t\t\t<\/div>\n\t\t<\/section>\n\t\t\t\t<section class=\"elementor-section elementor-top-section elementor-element elementor-element-76be7737 elementor-section-boxed elementor-section-height-default elementor-section-height-default\" data-id=\"76be7737\" data-element_type=\"section\" data-e-type=\"section\">\n\t\t\t\t\t\t<div class=\"elementor-container elementor-column-gap-default\">\n\t\t\t\t\t<div class=\"elementor-column elementor-col-50 elementor-top-column elementor-element elementor-element-91c274e\" data-id=\"91c274e\" data-element_type=\"column\" data-e-type=\"column\">\n\t\t\t<div class=\"elementor-widget-wrap elementor-element-populated\">\n\t\t\t\t\t\t<div class=\"elementor-element elementor-element-f166444 elementor-widget elementor-widget-wp-widget-nav_menu\" data-id=\"f166444\" data-element_type=\"widget\" data-e-type=\"widget\" data-widget_type=\"wp-widget-nav_menu.default\">\n\t\t\t\t<div class=\"elementor-widget-container\">\n\t\t\t\t\t<h5>Zwangerschap<\/h5><div class=\"menu-zwangerschap-container\"><ul id=\"menu-zwangerschap\" class=\"menu\"><li id=\"menu-item-11753\" class=\"menu-item menu-item-type-post_type menu-item-object-page menu-item-11753\"><a href=\"https:\/\/verloskundigenpraktijkdehof.nl\/site21\/zwangerschap\/\">Zwangerschap<\/a><\/li>\n<li id=\"menu-item-11752\" class=\"menu-item menu-item-type-post_type menu-item-object-page menu-item-11752\"><a href=\"https:\/\/verloskundigenpraktijkdehof.nl\/site21\/onderzoeken\/\">Onderzoeken<\/a><\/li>\n<li id=\"menu-item-11790\" class=\"menu-item menu-item-type-post_type menu-item-object-page menu-item-11790\"><a href=\"https:\/\/verloskundigenpraktijkdehof.nl\/site21\/kinderziektes\/\">Kinderziektes<\/a><\/li>\n<li id=\"menu-item-11800\" class=\"menu-item menu-item-type-post_type menu-item-object-page menu-item-11800\"><a href=\"https:\/\/verloskundigenpraktijkdehof.nl\/site21\/controle\/\">Bezoek Verloskundige<\/a><\/li>\n<li id=\"menu-item-11811\" class=\"menu-item menu-item-type-post_type menu-item-object-page menu-item-11811\"><a href=\"https:\/\/verloskundigenpraktijkdehof.nl\/site21\/wat-te-regelen\/\">Wat te regelen<\/a><\/li>\n<li id=\"menu-item-11814\" class=\"menu-item menu-item-type-post_type menu-item-object-page menu-item-11814\"><a href=\"https:\/\/verloskundigenpraktijkdehof.nl\/site21\/echos\/\">Echo\u2019s<\/a><\/li>\n<\/ul><\/div>\t\t\t\t<\/div>\n\t\t\t\t<\/div>\n\t\t\t\t\t<\/div>\n\t\t<\/div>\n\t\t\t\t<div class=\"elementor-column elementor-col-50 elementor-top-column elementor-element elementor-element-76e65cbe\" data-id=\"76e65cbe\" data-element_type=\"column\" data-e-type=\"column\">\n\t\t\t<div class=\"elementor-widget-wrap elementor-element-populated\">\n\t\t\t\t\t\t<div class=\"elementor-element elementor-element-9f767a3 elementor-widget elementor-widget-text-editor\" data-id=\"9f767a3\" data-element_type=\"widget\" data-e-type=\"widget\" data-widget_type=\"text-editor.default\">\n\t\t\t\t<div class=\"elementor-widget-container\">\n\t\t\t\t\t\t\t\t\t<h2>Kinderziektes<\/h2><p>De kans dat je tijdens een zwangerschap een infectieziekte krijgt, is niet groter dan buiten de zwangerschap. Wel kan een infectieziekte in de zwangerschap meer risico\u2019s met zich meebrengen omdat bij veel infecties niet alleen jezelf, maar ook je ongeboren kind besmet kan worden.<\/p><p>LET OP: Ons advies voor mensen die met kinderen in de basisschoolleeftijd werken of met gehandicapte mensen, is als volgt: Laat, het liefst voordat je zwanger bent, bloedprikken (via je huisarts) zodat je weet of je kinderziekten hebt doorgemaakt of niet. Ben je al zwanger en je hebt dit nog niet laten doen, dan doen wij dat bloedonderzoek. Wanneer je de kinderziekten hebt doorgemaakt ben jij beschermd en je kindje ook. Wanneer je de kinderziektes niet hebt doorgemaakt, is het aan te raden om in de eerste 20 weken van je zwangerschap niet te werken met deze doelgroep om een besmetting te voorkomen.<\/p>\t\t\t\t\t\t\t\t<\/div>\n\t\t\t\t<\/div>\n\t\t\t\t<div class=\"elementor-element elementor-element-b8a3b60 elementor-tabs-view-horizontal elementor-widget elementor-widget-tabs\" data-id=\"b8a3b60\" data-element_type=\"widget\" data-e-type=\"widget\" data-widget_type=\"tabs.default\">\n\t\t\t\t<div class=\"elementor-widget-container\">\n\t\t\t\t\t\t\t<div class=\"elementor-tabs\">\n\t\t\t<div class=\"elementor-tabs-wrapper\" role=\"tablist\" >\n\t\t\t\t\t\t\t\t\t<div id=\"elementor-tab-title-1931\" class=\"elementor-tab-title elementor-tab-desktop-title\" aria-selected=\"true\" data-tab=\"1\" role=\"tab\" tabindex=\"0\" aria-controls=\"elementor-tab-content-1931\" aria-expanded=\"false\">Waterpokken<\/div>\n\t\t\t\t\t\t\t\t\t<div id=\"elementor-tab-title-1932\" class=\"elementor-tab-title elementor-tab-desktop-title\" aria-selected=\"false\" data-tab=\"2\" role=\"tab\" tabindex=\"-1\" aria-controls=\"elementor-tab-content-1932\" aria-expanded=\"false\">Vijfde ziekte<\/div>\n\t\t\t\t\t\t\t\t\t<div id=\"elementor-tab-title-1933\" class=\"elementor-tab-title elementor-tab-desktop-title\" aria-selected=\"false\" data-tab=\"3\" role=\"tab\" tabindex=\"-1\" aria-controls=\"elementor-tab-content-1933\" aria-expanded=\"false\">Zesde ziekte<\/div>\n\t\t\t\t\t\t\t<\/div>\n\t\t\t<div class=\"elementor-tabs-content-wrapper\" role=\"tablist\" aria-orientation=\"vertical\">\n\t\t\t\t\t\t\t\t\t<div class=\"elementor-tab-title elementor-tab-mobile-title\" aria-selected=\"true\" data-tab=\"1\" role=\"tab\" tabindex=\"0\" aria-controls=\"elementor-tab-content-1931\" aria-expanded=\"false\">Waterpokken<\/div>\n\t\t\t\t\t<div id=\"elementor-tab-content-1931\" class=\"elementor-tab-content elementor-clearfix\" data-tab=\"1\" role=\"tabpanel\" aria-labelledby=\"elementor-tab-title-1931\" tabindex=\"0\" hidden=\"false\"><h3>Waterpokken<\/h3><p><strong>Symptomen<\/strong><br \/>Het belangrijkste kenmerk van waterpokken is de huiduitslag in de vorm van blaasjes, die in eerste instantie op de hoofdhuid, het gezicht en de romp verschijnt. Later verschijnen de blaasjes ook op de ledematen. Deze blaasjes kunnen flink jeuken.<\/p><p><strong>Incubatietijd<\/strong><br \/>Waterpokken zijn 5 dagen voor de huiduitslag tot maximaal 6 dagen na de eerste huiduitslag besmettelijk. Het virus wordt overgedragen door kleine druppeltjes die tijdens praten, niezen en hoesten in de lucht komen. Na een besmetting duurt het 2 tot 3 weken tot de eerste ziekteverschijnselen optreden.<\/p><p><strong>Behandeling<\/strong><br \/>Omdat waterpokken wordt veroorzaakt door een virus is er geen geneesmiddel tegen. De behandeling van waterpokken richt zich daarom doorgaans op het voork\u00f3men van bacteri\u00eble huidinfecties en verlichting van de jeuk. Om de jeuk te verlichten kan mentholpoeder of -lotion op de huiduitslag worden aangebracht. Ook natte kompressen verlichten de jeuk. Paracetamol kan worden gebruikt om de koorts te verlichten. Zeker voor jou als zwangere vrouw is het belangrijk om de koorts te dempen. Hoge koorts kan wee\u00ebn opwekken en hierdoor risico\u2019s geven voor de baby.<\/p><p><strong>Bescherming<\/strong><br \/>Weliswaar zijn de ziekteverschijnselen bij zwangere vrouwen vaak heviger dan bij kinderen, zoals in het algemeen geldt voor volwassenen, maar verreweg het grootste deel van de bevolking heeft beschermende antistoffen ( is het afweersysteem van het lichaam) tegen het waterpokkenvirus aangemaakt als de leeftijd van 15 jaar is bereikt. In Nederland blijkt dat 93% van de bevolking v\u00f3\u00f3r het 5de levensjaar besmet is geweest met waterpokken. Waterpokken krijg je maar \u00e9\u00e9n keer in je leven want nadat je het hebt meegemaakt blijf je levenslang beschermd (immuun). Van de volwassenen die nooit waterpokken hebben gehad, weten we dat 80% toch immuun is doordat de infectie op kinderleeftijd ongemerkt is verlopen. Infecties met waterpokken tijdens de zwangerschap zijn dus zeldzaam, de complicaties daarvan (middenoorontsteking, longontsteking of hersenontsteking) komen gelukkig weinig voor. Datzelfde geldt ook voor het risico dat je als moeder de infectie overdraagt op je ongeboren kind. Als je als zwangere vrouw nooit waterpokken hebt gehad, dan is de kans nog steeds 80% dat je immuun bent voor het waterpokkenvirus, maar dit is niet met zekerheid te zeggen. De ziekte is alleen besmettelijk tussen 5 dagen v\u00f3\u00f3r het uitbreken van de huiduitslag tot 6 dagen na de eerste uitslag. Is de zwangere in die tijd in contact geweest met een kind met waterpokken en ze weet niet of ze de waterpokken gehad heeft, dan kan de huisarts of wij bloedprikken en laten onderzoeken op antistoffen tegen waterpokken. De ziekte is vooral schadelijk voor de baby in de eerste 16 weken van de zwangerschap of net voor de bevalling. Na de 16e week en ruim voor de bevalling dan kan er afgewacht worden of ze de waterpokken krijgt.<\/p><p><strong>Risico\u2019s in de zwangerschap<\/strong><br \/>Je kunt maar \u00e9\u00e9n keer waterpokken krijgen in je leven. Heb je het ooit gehad, dan is er geen enkel risico voor de zwangere of voor de baby. Mocht je tijdens de zwangerschap toch waterpokken voor het eerst krijgen, dan zijn de risico\u2019s afhankelijk van hoe lang je zwanger bent.<br \/>Besmetting voor de 16e week van de zwangerschap Als je voor het eerst waterpokken krijgt in de eerste zestien weken van de zwangerschap dan kunnen er ernstige afwijkingen bij het kind ontstaan. Bekende afwijkingen door een eerste infectie met waterpokken zijn: te kleine ledematen, oogafwijkingen, klompvoeten, spierverschrompeling, hersenafwijkingen, groeiachterstand en zelfs vruchtdood.<br \/>Besmetting na de 16e week en ruim voor de bevalling In deze periode zal een eerste waterpokkeninfectie geen blijvende schade veroorzaken bij het kind. De baby kan in de baarmoeder wel waterpokken ontwikkelen, maar houdt hier geen verschijnselen aan over.<br \/>Besmetting van de moeder 5 dagen voor de bevalling tot 2 dagen na de geboorte Als je besmet wordt in de periode van twee dagen voor de bevalling tot vijf dagen erna, dan kan de pasgeboren baby ook met waterpokken besmet zijn. Deze aandoening komt veel vaker voor en wordt neonatale varicella genoemd. In dit geval zal de baby niet worden beschermd door afweerstoffen van de moeder (die zijn nog niet aangemaakt), en wordt de baby een speciaal medicijn (immunoglobuline) toegediend. Wanneer een pasgeborene met het waterpokkenvirus besmet wordt kan dit een ontsteking aan de hersenen, het hart, de lever en gewrichten veroorzaken. In 30% van de gevallen lijdt dit zelfs tot de dood.<\/p><\/div>\n\t\t\t\t\t\t\t\t\t<div class=\"elementor-tab-title elementor-tab-mobile-title\" aria-selected=\"false\" data-tab=\"2\" role=\"tab\" tabindex=\"-1\" aria-controls=\"elementor-tab-content-1932\" aria-expanded=\"false\">Vijfde ziekte<\/div>\n\t\t\t\t\t<div id=\"elementor-tab-content-1932\" class=\"elementor-tab-content elementor-clearfix\" data-tab=\"2\" role=\"tabpanel\" aria-labelledby=\"elementor-tab-title-1932\" tabindex=\"0\" hidden=\"hidden\"><h3>Vijfde ziekte<\/h3><p><strong>Symptomen<\/strong><br \/>De vijfde ziekte is een virusziekte en komt vooral voor bij kinderen van 4 tot 10 jaar, meestal in het voorjaar of de vroege zomer. Het kind krijgt paars-rode wangen met grillige, rozerode vlekjes. Het geheel op het gezicht lijkt soms op een vlinder. De vlekjes breiden zich uit over de romp en ledematen. Uiteindelijk worden de vlekjes samengevoegd tot grotere vlekken. Meestal zijn kinderen niet erg ziek, er kan lichte koorts en jeuk optreden. De huiduitslag verdwijnt na ongeveer drie tot zes dagen. Volwassenen kunnen de kenmerkende huiduitslag krijgen, gewrichtspijn en gewrichtszwelling of beide. Vooral de polsen, knie\u00ebn en de gewrichten van de handen zijn het meest aangedaan.<\/p><p><strong>Incubatietijd<\/strong><br \/>De vijfde ziekte is niet erg besmettelijk. Na de besmetting duurt het ongeveer 4 tot 20 dagen voordat de vlekjes optreden. De ziekte kan op anderen overdragen worden, in de week voordat de vlekjes verschijnen. Zodra de vlekjes zichtbaar worden is het niet meer besmettelijk.<\/p><p><strong>Behandeling<\/strong><br \/>Behandeling is niet nodig, de ziekte geneest spontaan. Kinderen mogen gewoon naar school. Op het moment dat de ziekte zichtbaar wordt, is het kind immers niet meer besmettelijk. Bij jeuk kan er mentholpoeder of -lotion op de huid worden aangebracht.<br \/>Bescherming Iemand die de vijfde ziekte heeft gehad, is levenslang beschermd en kan de ziekte niet meer krijgen.<\/p><p><strong>Risico\u2019s in de zwangerschap<\/strong><br \/>Als je in de eerste helft van je zwangerschap de vijfde ziekte krijgt, heb je een iets verhoogde kans (9%) op een miskraam of een doodgeboren kindje. In de meeste gevallen verloopt de zwangerschap normaal en ondervindt je baby geen gevolgen van de vijfde ziekte. Bij een infectie later in de zwangerschap kan je ongeboren kind bloedarmoede krijgen en moet mogelijk hiervoor behandeld worden.<span style=\"color: var( --e-global-color-text ); font-family: var( --e-global-typography-text-font-family );\">\u00a0<\/span><\/p><\/div>\n\t\t\t\t\t\t\t\t\t<div class=\"elementor-tab-title elementor-tab-mobile-title\" aria-selected=\"false\" data-tab=\"3\" role=\"tab\" tabindex=\"-1\" aria-controls=\"elementor-tab-content-1933\" aria-expanded=\"false\">Zesde ziekte<\/div>\n\t\t\t\t\t<div id=\"elementor-tab-content-1933\" class=\"elementor-tab-content elementor-clearfix\" data-tab=\"3\" role=\"tabpanel\" aria-labelledby=\"elementor-tab-title-1933\" tabindex=\"0\" hidden=\"hidden\"><h3>Zesde ziekte<\/h3><p><strong>Symptomen<\/strong><br \/>Deze virusinfectie kan zich voordoen bij zuigelingen van ongeveer zes maanden tot drie jaar. Plotseling optreden van hoge koorts (dikwijls meer dan 39,5 \u00b0C) die 3 tot 5 dagen aanhoudt en vervolgens verdwijnt. Kinderen kunnen tijdens deze fase druk en bijzonder prikkelbaar zijn, met een verminderde eetlust en opgezette lymfeklieren in de hals. De koorts verdwijnt abrupt en ongeveer tegelijkertijd ontstaat een rozerode vlakke of verheven huiduitslag . De huiduitslag begint in het gezicht en breidt zich uit naar hals, gezicht, armen en benen. De vlekjes worden wit bij aanraking. De huiduitslag doet zich opvallend voor op de bovenbenen en billen, waarbij de uitslag soms wordt omgeven door een dunne ring van lichtere huid De vlekjes verdwijnen na ongeveer 2 dagen.<\/p><p><strong>Incubatietijd<\/strong><br \/>De incubatietijd (de tijd van de infectie tot het optreden van verschijnselen) van de zesde ziekte is 9 tot 10 dagen. Het is onduidelijk wanneer de zesde ziekte besmettelijk is.<\/p><p><strong>Behandeling<\/strong><br \/>Ook de zesde ziekte wordt veroorzaakt door een virus. Behandeling is daarom niet nodig, de ziekte geneest spontaan. Kinderen mogen gewoon naar school. Op het moment dat de ziekte zichtbaar wordt, is het kind immers niet meer besmettelijk. Heeft een kind hoge koorts of voelt het zich erg ziek, dan kan een paracetamol gegeven worden. Het kind moet voldoende vocht binnenkrijgen om het verlies aan lichaamsvocht tijdens de koorts te compenseren.<\/p><p><strong>Risico\u2019s in de zwangerschap<\/strong><br \/>De ziekte komt alleen voor bij hele jonge kinderen, er zijn voor jou als zwangere en voor je ongeboren kindje geen risico\u2019s.<\/p><\/div>\n\t\t\t\t\t\t\t<\/div>\n\t\t<\/div>\n\t\t\t\t\t\t<\/div>\n\t\t\t\t<\/div>\n\t\t\t\t\t<\/div>\n\t\t<\/div>\n\t\t\t\t\t<\/div>\n\t\t<\/section>\n\t\t\t\t<\/div>\n\t\t","protected":false},"excerpt":{"rendered":"<p>Kinderziektes infectieziektes kunnen ook je ongeboren kind besmetten De meeste&hellip;<\/p>\n<p> <a class=\"more-link\" href=\"https:\/\/verloskundigenpraktijkdehof.nl\/site21\/kinderziektes\/\">Lees verder<\/a><\/p>\n","protected":false},"author":3,"featured_media":0,"parent":0,"menu_order":0,"comment_status":"closed","ping_status":"closed","template":"","meta":{"footnotes":""},"class_list":["post-11785","page","type-page","status-publish"],"_links":{"self":[{"href":"https:\/\/verloskundigenpraktijkdehof.nl\/site21\/wp-json\/wp\/v2\/pages\/11785","targetHints":{"allow":["GET"]}}],"collection":[{"href":"https:\/\/verloskundigenpraktijkdehof.nl\/site21\/wp-json\/wp\/v2\/pages"}],"about":[{"href":"https:\/\/verloskundigenpraktijkdehof.nl\/site21\/wp-json\/wp\/v2\/types\/page"}],"author":[{"embeddable":true,"href":"https:\/\/verloskundigenpraktijkdehof.nl\/site21\/wp-json\/wp\/v2\/users\/3"}],"replies":[{"embeddable":true,"href":"https:\/\/verloskundigenpraktijkdehof.nl\/site21\/wp-json\/wp\/v2\/comments?post=11785"}],"version-history":[{"count":8,"href":"https:\/\/verloskundigenpraktijkdehof.nl\/site21\/wp-json\/wp\/v2\/pages\/11785\/revisions"}],"predecessor-version":[{"id":11853,"href":"https:\/\/verloskundigenpraktijkdehof.nl\/site21\/wp-json\/wp\/v2\/pages\/11785\/revisions\/11853"}],"wp:attachment":[{"href":"https:\/\/verloskundigenpraktijkdehof.nl\/site21\/wp-json\/wp\/v2\/media?parent=11785"}],"curies":[{"name":"wp","href":"https:\/\/api.w.org\/{rel}","templated":true}]}}